{"id":1456,"date":"2020-02-07T04:14:04","date_gmt":"2020-02-07T04:14:04","guid":{"rendered":"http:\/\/mariusbill.com\/?page_id=1456"},"modified":"2026-01-06T06:35:06","modified_gmt":"2026-01-06T06:35:06","slug":"home","status":"publish","type":"page","link":"https:\/\/mariusbill.com\/de\/","title":{"rendered":"Home"},"content":{"rendered":"<hr \/>\n<p style=\"text-align: center;\"><span style=\"color: #00ccff; font-family: arial, helvetica, sans-serif;\"><strong><span style=\"font-size: 18pt;\">Herzlich Willkommen bei Next Level Coach! <\/span><\/strong><\/span><\/p>\n<p style=\"text-align: center;\"><span style=\"color: #00ccff; font-family: arial, helvetica, sans-serif;\"><strong><span style=\"font-size: 18pt;\">Ich freue mich, dass Sie hier sind.<\/span><\/strong><\/span><\/p>\n<hr \/>\n<p style=\"text-align: justify;\"><span style=\"font-size: 14pt; font-family: arial, helvetica, sans-serif;\"><strong>WIE W\u00dcRDE IHR UNTERNEHMEN AUSSEHEN, WENN SIE:<\/strong><\/span><\/p>\n<p style=\"text-align: justify;\"><span style=\"font-size: 14pt; font-family: arial, helvetica, sans-serif;\">\u25ba mehr Klarheit, Fokus und Selbstvertrauen h\u00e4tten?<\/span><\/p>\n<p style=\"text-align: justify;\"><span style=\"font-size: 14pt; font-family: arial, helvetica, sans-serif;\">\u25ba als INSPIRIENDE F\u00dcHRUNGSKRAFT auftreten w\u00fcrden?<\/span><\/p>\n<p style=\"text-align: justify;\"><span style=\"font-size: 14pt; font-family: arial, helvetica, sans-serif;\">\u25ba die Unterst\u00fctzung bei der F\u00dcHRUNGSKR\u00c4FTEENTWICKLUNG h\u00e4tten, die <\/span><span style=\"font-size: 14pt; font-family: arial, helvetica, sans-serif;\">Sie ben\u00f6tigen?<\/span><\/p>\n<p style=\"text-align: justify;\"><span style=\"font-size: 14pt; font-family: arial, helvetica, sans-serif;\">\u25ba Den richtigen MINDSET h\u00e4tten, um mit Ihrem Unternehmen erfolgreich zu sein?<\/span><\/p>\n<p style=\"text-align: justify;\"><span style=\"font-size: 14pt; font-family: arial, helvetica, sans-serif;\">\u25ba bei der Expansion Ihres Unternehmens UNAUFHALTBAR w\u00e4ren?<\/span><\/p>\n<p style=\"text-align: justify;\"><span style=\"font-size: 14pt; font-family: arial, helvetica, sans-serif;\">\u25ba FREI w\u00e4ren von Glaubenss\u00e4tzen, \u00dcberzeugungen, Gewohnheiten oder alten Konditionierungen, die Ihren ERFOLG behindern?<\/span><\/p>\n<p style=\"text-align: justify;\"><span style=\"font-size: 14pt; font-family: arial, helvetica, sans-serif;\">\u25ba Sie die richtigen Werkzeuge h\u00e4tten, um Ihre ZEIT und STRESS zu managen?<\/span><\/p>\n<p style=\"text-align: justify;\"><span style=\"font-size: 14pt; font-family: arial, helvetica, sans-serif;\">\u25ba mehr KUNDEN h\u00e4tten und Ihren CASH FLOW steigern w\u00fcrden?<\/span><\/p>\n<p style=\"text-align: justify;\"><span style=\"font-size: 14pt; font-family: arial, helvetica, sans-serif;\">\u25ba die richtige UNTERST\u00dcTZUNG h\u00e4tten, um den Sprung zur n\u00e4chsten Stufe in der Unternehmensentwicklung zu machen?<\/span><\/p>\n<hr \/>\n<p><strong><span style=\"font-size: 14pt; font-family: arial, helvetica, sans-serif; color: #00ccff;\">\u25ba MEINE ZIELGRUPPE:<\/span><\/strong><\/p>\n<hr \/>\n<p><span style=\"font-size: 14pt; font-family: arial, helvetica, sans-serif;\">\u272f Unternehmer, Vorst\u00e4nde und Aufsichtsr\u00e4te<\/span><\/p>\n<p><span style=\"font-size: 14pt; font-family: arial, helvetica, sans-serif;\">\u272f F\u00fchrungskr\u00e4fte, Exekutive und Manager<\/span><\/p>\n<p><span style=\"font-size: 14pt; font-family: arial, helvetica, sans-serif;\">\u272f Fach- und F\u00fchrungskr\u00e4fte, die Dienstleistungen anbieten<\/span><\/p>\n<hr \/>\n<p><strong><span style=\"font-size: 14pt; font-family: arial, helvetica, sans-serif; color: #00ccff;\">\u25ba WAS ICH MEINEN KUNDEN BIETE:<\/span><\/strong><\/p>\n<hr \/>\n<p><span style=\"font-size: 14pt; font-family: arial, helvetica, sans-serif;\">\u2611 \u00a0Ihnen wertungsfrei ZUH\u00d6REN<\/span><\/p>\n<p><span style=\"font-size: 14pt; font-family: arial, helvetica, sans-serif;\">\u2611 \u00a0L\u00f6sungsorientiertes COACHING<\/span><\/p>\n<p><span style=\"font-size: 14pt; font-family: arial, helvetica, sans-serif;\">\u2611 Identifizierung der &#8220;wahren&#8221; HERAUSFORDERUNG, die sich Ihnen stellt<\/span><\/p>\n<p><span style=\"font-size: 14pt; font-family: arial, helvetica, sans-serif;\">\u2611 \u00a0Ihre ANNAHMEN, also was sie nur glauben, zu hinterfragen<\/span><\/p>\n<p><span style=\"font-size: 14pt; font-family: arial, helvetica, sans-serif;\">\u2611 \u00a0Alles, was Sie behindert und BLOCKIERT aufzul\u00f6sen<\/span><\/p>\n<p><span style=\"font-size: 14pt; font-family: arial, helvetica, sans-serif;\">\u2611 \u00a0GLAUBENS\u00c4TZE, Gewohnheiten, Gedankenmuster zu hinterfragen und zu <\/span><span style=\"font-size: 14pt; font-family: arial, helvetica, sans-serif;\">ver\u00e4ndern<\/span><\/p>\n<p><span style=\"font-size: 14pt; font-family: arial, helvetica, sans-serif;\">\u2611 \u00a0ERFOLGS-MINDSET entwickeln<\/span><\/p>\n<p><span style=\"font-size: 14pt; font-family: arial, helvetica, sans-serif;\">\u2611 \u00a0KLARHEIT \u00fcber die n\u00e4chsten L\u00f6sungsschritte zu erlangen<\/span><\/p>\n<p><span style=\"font-size: 14pt; font-family: arial, helvetica, sans-serif;\">\u2611 \u00a0STRESS meistern und RESILIENZ erh\u00f6hen<\/span><\/p>\n<p><span style=\"font-size: 14pt; font-family: arial, helvetica, sans-serif;\">\u2611 \u00a0ZEIT managen und Werkzeuge zur L\u00f6sung bereitstellen<\/span><\/p>\n<p><span style=\"font-size: 14pt; font-family: arial, helvetica, sans-serif;\">\u2611 \u00a0F\u00dcHRUNGSQUALIT\u00c4TEN entwickeln und verbessern<\/span><\/p>\n<p><span style=\"font-size: 14pt; font-family: arial, helvetica, sans-serif;\">\u2611 \u00a0Sie VERANTWORTLICH halten, bis Sie ihre ZIELE ERREICHT haben<\/span><\/p>\n<p><span style=\"font-size: 14pt; font-family: arial, helvetica, sans-serif;\">\u25ba <strong>ERGEBNIS:<\/strong><\/span><\/p>\n<p><span style=\"font-size: 14pt; font-family: arial, helvetica, sans-serif;\">\u2611 Sie erreichen Ihre unternehmerischen und finanziellen Ziele<\/span><\/p>\n<p><span style=\"font-size: 14pt; font-family: arial, helvetica, sans-serif;\">\u2611 Sie haben mehr KUNDEN und verdienen mehr GELD<\/span><\/p>\n<p style=\"text-align: justify;\"><span style=\"font-size: 14pt; font-family: arial, helvetica, sans-serif;\">Durch das nicht bewertende ZUH\u00d6REN und das sichere, bewertungsfreie UMFELD helfe ich Ihnen, die wahre Ursache Ihrer gegenw\u00e4rtigen Herausforderung gemeinsam herauszufinden sowie L\u00f6sungsschritte selbst zu entwickeln. <\/span><\/p>\n<p style=\"text-align: justify;\"><span style=\"font-size: 14pt; font-family: arial, helvetica, sans-serif;\">Ich unterst\u00fctze Sie dabei zu verstehen, was in Ihnen vor sich geht und was Sie blockiert. Gleichzeitig helfe ich Ihnen, Ihre Annahmen und Glaubenss\u00e4tze und Gedankenmuster zu identifizieren und zu hinterfragen, um solche zu entwickeln, die f\u00fcr Ihren Erfolg f\u00f6rderlich sind, so dass Sie einen MINDSET entwickeln, der l\u00f6sungsorientiert ist und Ihnen den gew\u00fcnschten Erfolg bringt.<\/span><\/p>\n<p style=\"text-align: justify;\"><strong><span style=\"font-size: 14pt; font-family: arial, helvetica, sans-serif;\">Sind Sie daran interessiert, Ihre Ziele zu erreichen und positive Ergebnisse zu erreichen?<\/span><\/strong><\/p>\n<hr \/>\n<p><strong><span style=\"font-size: 14pt; font-family: arial, helvetica, sans-serif; color: #00ccff;\">\u25ba MEIN ANGEBOT:<\/span><\/strong><\/p>\n<hr \/>\n<p><span style=\"font-size: 14pt; font-family: arial, helvetica, sans-serif;\">\u25ba Starter-Coaching-Paket<\/span><\/p>\n<p><span style=\"font-size: 14pt; font-family: arial, helvetica, sans-serif;\">\u25ba Optimum Coaching-Paket<\/span><\/p>\n<p><span style=\"font-size: 14pt; font-family: arial, helvetica, sans-serif;\">\u25ba VIP-Coaching-Paket<\/span><\/p>\n<p><span style=\"font-size: 14pt; font-family: arial, helvetica, sans-serif;\">\u25ba Gruppen-Coaching-Paket<\/span><\/p>\n<p><span style=\"font-size: 14pt; font-family: arial, helvetica, sans-serif;\">Ich freue mich darauf, Ihnen bei Ihrem Erfolg behilflich zu sein.<\/span><\/p>\n<hr \/>\n<p><strong><span style=\"font-size: 14pt; font-family: arial, helvetica, sans-serif; color: #00ccff;\">\u25ba IHRE N\u00c4CHSTEN SCHRITTE:<\/span><\/strong><\/p>\n<hr \/>\n<p style=\"text-align: justify;\"><span style=\"font-size: 14pt; font-family: arial, helvetica, sans-serif;\">Ich lade Sie herzlich dazu ein, eine kostenlose 30-min\u00fctige-Strategiesitzung zu buchen, um herauszufinden, wie ich Ihnen helfen kann und ob wir gut zueinander passen.<\/span><\/p>\n<p style=\"text-align: justify;\"><span style=\"font-size: 14pt; font-family: arial, helvetica, sans-serif;\">In den 30 Minuten k\u00f6nnen Sie mit mir ein inspirierendes und motivierendes Gespr\u00e4ch \u00fcber Ihre aktuellen Herausforderungen f\u00fchren. Wir werden z.B. dar\u00fcber sprechen, wie wir eine klare Vision f\u00fcr Ihr Unternehmen entwickeln k\u00f6nnen, mit genauen Handlungsschritten, so dass Sie Ihr gew\u00fcnschtes Ziel erreichen und die Ergebnisse, die Ihnen wichtig sind.<\/span><\/p>\n<p style=\"text-align: justify;\"><span style=\"font-size: 14pt; font-family: arial, helvetica, sans-serif;\">Unser gemeinsames Gespr\u00e4ch werden Sie mindestens mit einem konkreten Schritt \/Handlungsanweisung verlassen, die Sie sofort umsetzen k\u00f6nnen, um mit Ihrem Unternehmen erfolgreicher zu werden.<\/span><\/p>\n<p style=\"text-align: justify;\"><span style=\"font-size: 14pt; font-family: arial, helvetica, sans-serif;\">Gehen Sie bitte zu dem Link in der oberen rechten Ecke der Webseite oder nutzen Sie den folgenden Link https:\/\/bit.ly\/2CUPJ1x <\/span><\/p>\n<p style=\"text-align: justify;\"><span style=\"font-size: 14pt; font-family: arial, helvetica, sans-serif;\">\u00dcber diesen Link gelangen Sie zu meinem Kalender. Stellen Sie dort die richtige Zeitzone ein. Dann buchen Sie dort einen f\u00fcr Sie passenden Termin.<\/span><\/p>\n<p style=\"text-align: justify;\"><span style=\"font-size: 14pt; font-family: arial, helvetica, sans-serif;\">Ich freue mich darauf, Sie kennenzulernen und Sie bei der Erreichung Ihrer Ziele zu unterst\u00fctzen.<\/span><\/p>\n<p>&nbsp;<\/p>\n<p>#mariusbill #nextlevel #nextlevelcoach #coaching #coach #home<\/p>\n","protected":false},"excerpt":{"rendered":"<p>Herzlich Willkommen bei Next Level Coach! Ich freue mich, dass Sie hier sind. WIE W\u00dcRDE IHR UNTERNEHMEN AUSSEHEN, WENN SIE: \u25ba mehr Klarheit, Fokus und Selbstvertrauen h\u00e4tten? \u25ba als INSPIRIENDE F\u00dcHRUNGSKRAFT auftreten w\u00fcrden? \u25ba die Unterst\u00fctzung bei der F\u00dcHRUNGSKR\u00c4FTEENTWICKLUNG h\u00e4tten, die Sie ben\u00f6tigen? \u25ba Den richtigen MINDSET h\u00e4tten, um mit Ihrem Unternehmen erfolgreich zu sein? [&hellip;]<\/p>\n","protected":false},"author":1,"featured_media":0,"parent":0,"menu_order":0,"comment_status":"closed","ping_status":"closed","template":"","meta":{"footnotes":""},"class_list":["post-1456","page","type-page","status-publish","hentry"],"translation":{"provider":"WPGlobus","version":"3.0.2","language":"de","enabled_languages":["en","de"],"languages":{"en":{"title":true,"content":true,"excerpt":false},"de":{"title":true,"content":true,"excerpt":false}}},"aioseo_notices":[],"_links":{"self":[{"href":"https:\/\/mariusbill.com\/de\/wp-json\/wp\/v2\/pages\/1456","targetHints":{"allow":["GET"]}}],"collection":[{"href":"https:\/\/mariusbill.com\/de\/wp-json\/wp\/v2\/pages"}],"about":[{"href":"https:\/\/mariusbill.com\/de\/wp-json\/wp\/v2\/types\/page"}],"author":[{"embeddable":true,"href":"https:\/\/mariusbill.com\/de\/wp-json\/wp\/v2\/users\/1"}],"replies":[{"embeddable":true,"href":"https:\/\/mariusbill.com\/de\/wp-json\/wp\/v2\/comments?post=1456"}],"version-history":[{"count":5,"href":"https:\/\/mariusbill.com\/de\/wp-json\/wp\/v2\/pages\/1456\/revisions"}],"predecessor-version":[{"id":6074,"href":"https:\/\/mariusbill.com\/de\/wp-json\/wp\/v2\/pages\/1456\/revisions\/6074"}],"wp:attachment":[{"href":"https:\/\/mariusbill.com\/de\/wp-json\/wp\/v2\/media?parent=1456"}],"curies":[{"name":"wp","href":"https:\/\/api.w.org\/{rel}","templated":true}]}}