{"id":1508,"date":"2020-02-07T06:01:55","date_gmt":"2020-02-07T06:01:55","guid":{"rendered":"http:\/\/mariusbill.com\/?page_id=1508"},"modified":"2026-01-06T06:18:17","modified_gmt":"2026-01-06T06:18:17","slug":"about","status":"publish","type":"page","link":"https:\/\/mariusbill.com\/de\/about\/","title":{"rendered":"About"},"content":{"rendered":"\n\n<hr \/>\n\n<span style=\"font-family: arial, helvetica, sans-serif;\"><strong><span style=\"font-size: 14pt; color: #00ccff;\">\u25ba KURZBIOGRAFIE<\/span><\/strong><\/span>\n\n<hr \/>\n\n<img loading=\"lazy\" decoding=\"async\" class=\"wp-image-1496 alignleft\" src=\"http:\/\/mariusbill.com\/wp-content\/uploads\/2020\/02\/Bewerbungsfoto_6cm_x_4cm_B06-300x200.jpg\" alt=\"\" width=\"165\" height=\"110\" srcset=\"https:\/\/mariusbill.com\/wp-content\/uploads\/2020\/02\/Bewerbungsfoto_6cm_x_4cm_B06-300x200.jpg 300w, https:\/\/mariusbill.com\/wp-content\/uploads\/2020\/02\/Bewerbungsfoto_6cm_x_4cm_B06.jpg 709w\" sizes=\"auto, (max-width: 165px) 100vw, 165px\" \/>\n<p style=\"text-align: justify;\"><span style=\"font-size: 14pt; font-family: arial, helvetica, sans-serif;\">Marius Bill, LL.M., CPC, ELI-MP ist ein zertifizierter professioneller Coach (CPC) und Energy Leadership \u2122 &#8211; Index Master Practitioner (ELI-MP).<\/span><\/p>\n<p style=\"text-align: justify;\"><span style=\"font-size: 14pt; font-family: arial, helvetica, sans-serif;\">Marius absolvierte sein Coachingtraining beim Institute for Professional Excellence in Coaching (iPEC) in der USA (Chicago). Er ist der Gr\u00fcnder und Inhaber von Next Level Coach LLC, wo er spezialisierte Coachingdienstleistungen f\u00fcr Unternehmer, Gesch\u00e4ftsf\u00fchrer, F\u00fchrungskr\u00e4fte und Manager anbietet.<\/span><\/p>\n<p style=\"text-align: justify;\"><span style=\"font-size: 14pt; font-family: arial, helvetica, sans-serif;\">Marius, ein ehemaliger deutscher Rechtsanwalt, erhielt seinen Abschluss in deutschem Recht von der Universit\u00e4t G\u00f6ttingen und seinen Master in europ\u00e4ischem und internationalem Recht (LL.M.) von der Universit\u00e4t Amsterdam.<\/span><\/p>\n<p style=\"text-align: justify;\"><span style=\"font-size: 14pt; font-family: arial, helvetica, sans-serif;\">Er arbeitete in Deutschland als Rechtsanwalt in verschiedenen Anwaltskanzleien, Unternehmen und war im Landtag von Sachsen-Anhalt als rechtlicher und fachlicher Berater im Umweltschutz und Landwirtschaft t\u00e4tig.<\/span><\/p>\n<p style=\"text-align: justify;\"><span style=\"font-size: 14pt; font-family: arial, helvetica, sans-serif;\">Marius war auch Gesch\u00e4ftsf\u00fchrer von zwei deutschen Immobilienunternehmen, die seine Erfahrung in der Gesch\u00e4ftswelt festigten. Seit seiner Auswanderung in die USA im Jahr 2015 hat Marius viele Hindernisse und Herausforderungen als Unternehmer \u00fcberwunden. <\/span><span style=\"color: #000000; font-family: arial, helvetica, sans-serif; font-size: 14pt;\">Diese vielf\u00e4ltigen Kenntnisse gibt er an seine Kunden weiter, die er beim Aufbau eines erfolgreichen Unternehmens unterst\u00fctzt.<\/span><\/p>\n<p style=\"text-align: justify;\"><span style=\"font-size: 14pt; color: #000000; font-family: arial, helvetica, sans-serif;\">Aus diesem Grund ist es Marius ein gro\u00dfes Anliegen, seinen Kunden echte Ver\u00e4nderungen zu erm\u00f6glichen. Um diese zu erreichen, geht er mit seinen Klienten zu dem Kernproblem, der wirklichen Ursache und l\u00f6st diese auf.<\/span><\/p>\n<p style=\"text-align: justify;\"><span style=\"font-size: 14pt; font-family: arial, helvetica, sans-serif;\">Weitere Informationen zu Marius finden Sie auf seinem LinkedIn-Profil:\u00a0<a href=\"https:\/\/www.linkedin.com\/in\/mariusbill\/\">https:\/\/www.linkedin.com\/in\/mariusbill<\/a><\/span><\/p>\n\n\n<hr \/>\n\n<span style=\"font-family: arial, helvetica, sans-serif;\"><strong><span style=\"font-size: 14pt; color: #00ccff;\">\u25ba WIE ICH SIE UNTERST\u00dcTZEN KANN&#8230;<\/span><\/strong><\/span>\n\n<hr \/>\n<p style=\"text-align: justify;\"><span style=\"font-size: 14pt; font-family: arial, helvetica, sans-serif;\"><!-- \/wp:post-content --><\/span><\/p>\n<p style=\"text-align: justify;\"><span style=\"font-size: 14pt; font-family: arial, helvetica, sans-serif;\"><!-- wp:paragraph --><\/span><\/p>\n<p style=\"text-align: justify;\"><span style=\"font-size: 14pt; font-family: arial, helvetica, sans-serif; color: #000000;\">Ich lade Sie rechtherzlich zu einem Gespr\u00e4ch ein, wo wir ihre Probleme und m\u00f6gliche L\u00f6sungen besprechen werden.<\/span><\/p>\n<span style=\"font-size: 14pt; font-family: arial, helvetica, sans-serif; color: #000000;\">Kontaktieren Sie mich f\u00fcr eine kostenlose 30-min\u00fctige Beratung:<\/span>\n\n<a href=\"https:\/\/nextlevelcoach.as.me\/schedule.php\">https:\/\/nextlevelcoach.as.me\/schedule.php<\/a>\n<p style=\"text-align: justify;\"><\/p>\n","protected":false},"excerpt":{"rendered":"<p>\u25ba KURZBIOGRAFIE Marius Bill, LL.M., CPC, ELI-MP ist ein zertifizierter professioneller Coach (CPC) und Energy Leadership \u2122 &#8211; Index Master Practitioner (ELI-MP). Marius absolvierte sein Coachingtraining beim Institute for Professional Excellence in Coaching (iPEC) in der USA (Chicago). Er ist der Gr\u00fcnder und Inhaber von Next Level Coach LLC, wo er spezialisierte Coachingdienstleistungen f\u00fcr Unternehmer, [&hellip;]<\/p>\n","protected":false},"author":1,"featured_media":0,"parent":0,"menu_order":0,"comment_status":"closed","ping_status":"closed","template":"","meta":{"footnotes":""},"class_list":["post-1508","page","type-page","status-publish","hentry"],"translation":{"provider":"WPGlobus","version":"3.0.2","language":"de","enabled_languages":["en","de"],"languages":{"en":{"title":true,"content":true,"excerpt":false},"de":{"title":false,"content":true,"excerpt":false}}},"aioseo_notices":[],"_links":{"self":[{"href":"https:\/\/mariusbill.com\/de\/wp-json\/wp\/v2\/pages\/1508","targetHints":{"allow":["GET"]}}],"collection":[{"href":"https:\/\/mariusbill.com\/de\/wp-json\/wp\/v2\/pages"}],"about":[{"href":"https:\/\/mariusbill.com\/de\/wp-json\/wp\/v2\/types\/page"}],"author":[{"embeddable":true,"href":"https:\/\/mariusbill.com\/de\/wp-json\/wp\/v2\/users\/1"}],"replies":[{"embeddable":true,"href":"https:\/\/mariusbill.com\/de\/wp-json\/wp\/v2\/comments?post=1508"}],"version-history":[{"count":9,"href":"https:\/\/mariusbill.com\/de\/wp-json\/wp\/v2\/pages\/1508\/revisions"}],"predecessor-version":[{"id":6060,"href":"https:\/\/mariusbill.com\/de\/wp-json\/wp\/v2\/pages\/1508\/revisions\/6060"}],"wp:attachment":[{"href":"https:\/\/mariusbill.com\/de\/wp-json\/wp\/v2\/media?parent=1508"}],"curies":[{"name":"wp","href":"https:\/\/api.w.org\/{rel}","templated":true}]}}