{"id":569,"date":"2019-05-18T01:16:11","date_gmt":"2019-05-18T01:16:11","guid":{"rendered":"http:\/\/mariusbill.com\/?page_id=569"},"modified":"2019-05-18T01:16:11","modified_gmt":"2019-05-18T01:16:11","slug":"terms-conditions","status":"publish","type":"page","link":"https:\/\/mariusbill.com\/de\/terms-conditions\/","title":{"rendered":"Allgemeine Gesch\u00e4ftsbedingungen"},"content":{"rendered":"\n<p><strong>Allgemeine Gesch\u00e4ftsbedingungen\n<\/strong><\/p>\n\n\n\n<p><strong>1. Allgemeines, Geltungsbereich\n<\/strong><\/p>\n\n\n\n<p>Diese Nutzungsbedingungen gelten f\u00fcr alle Websitebesucher, Klienten, Kunden\nund alle anderen Nutzer der Website. Durch die Nutzung der Website oder der\nDienstleistung erkl\u00e4ren Sie sich mit diesen Nutzungsbedingungen ohne\n\u00c4nderung einverstanden und best\u00e4tigen, dass Sie diese gelesen haben.\n<\/p>\n\n\n\n<p>Next Level Coach \u2013 Marius Bill, LL.M., CPC, ELI-MP (im folgenden Coach\ngenannt), f\u00fchrt Coaching und Workshops und sonstige Veranstaltungen gem\u00e4\u00df\ndiesen Allgemeinen Gesch\u00e4ftsbedingungen (AGB) durch. Marius Bill &amp;\nAssociates &#8211; Rechtsberatung im deutschem Recht (im folgenden als Berater\nbezeichnet) erbringt Rechtsdienstleistungen nach deutschem Recht in\n\u00dcbereinstimmung mit diesen Gesch\u00e4ftsbedingungen. Mit der Beauftragung\ngelten diese Bedingungen vom Auftraggeber (im folgenden Kunde genannt) als\nangenommen. Abweichende Gesch\u00e4ftsbedingungen des Kunden gelten nicht.\n<\/p>\n\n\n\n<p><strong>2. Angebote, Honorare, Zahlungsbedingungen\n<\/strong><\/p>\n\n\n\n<p>Die Angebote sind freibleibend. \u00c4nderungen vorbehalten. F\u00fcr alle Angebote\nwerden die auf der Website ver\u00f6ffentlichten und\/oder in der\nVeranstaltungsausschreibung ausgewiesenen Honorare berechnet.\nCoaching-Honorare (auch f\u00fcr Telefon, Skype or Zoom-Coaching) sind\n<strong>sp\u00e4testens 3 Tage vor der jeweiligen Sitzung f\u00e4llig<\/strong>. Der Kunde erh\u00e4lt f\u00fcr den\nvereinbarten Zeitraum eine Rechnung. Anmeldungen zu Veranstaltungen werden\nin der Reihenfolge ihres Eingangs bearbeitet. Die Honorare f\u00fcr Workshops und\nsonstige Veranstaltungen sind <strong>eine Wochen vor <\/strong>dem Veranstaltungstermin\nf\u00e4llig. Der Kunde erh\u00e4lt eine Anmeldebest\u00e4tigung und eine Rechnung. Die\nBeratungsgeb\u00fchren f\u00fcr jede Art von Beratungsdienstleistungen sind <strong>eine Woche\n<\/strong>nach dem Beratungsgespr\u00e4ch f\u00e4llig.\n<\/p>\n\n\n\n<p><strong>3. Terminvereinbarung und Anmeldung\n<\/strong><\/p>\n\n\n\n<p>Zeit und Ort eines Coachings werden von Coach und Kunde einvernehmlich\nvereinbart. Jede Art von Beratungsleistungen werden in gleicher Weise zwischen\nBerater und Kunden geregelt. Dies kann per E-Mail oder telefonisch erfolgen.\nZeit und Ort der Veranstaltungen werden vom Coach\/ Berater festgelegt und\nvom Kunden akzeptiert. Die Anmeldung zu Veranstaltungen erfolgt\nausschlie\u00dflich schriftlich, per E-Mail, \u00fcber das Kontaktformular oder \u00fcber das\njeweilige Buchungsformular.\n<\/p>\n\n\n\n<p>Vereinbarte Termine sind verbindlich. Der Kunde verpflichtet sich zu allen\nvereinbarten Terminen p\u00fcnktlich zu erscheinen.\n<\/p>\n\n\n\n<p><strong>4. Absage eines Coachings- oder Beratungstermins bzw. einer\nVeranstaltung durch den Kunden\n<\/strong><\/p>\n\n\n\n<p>Next Level Coach \u2013 Marius Bill, LL.M., CPC, ELI-MP &amp;\nMarius Bill &amp; Associates \u2013 Legal Consulting German law\n<\/p>\n\n\n\n<p>Absage oder Terminverschiebung eines Coachings- oder Beratungstermins ist\nbis sp\u00e4testens 2 Werktage vor dem Termin m\u00f6glich und bis dahin kostenfrei.\nDanach wird das Honorar f\u00fcr die vereinbarte Zeit zu 50 % in Rechnung gestellt.\nBei Terminabsage bzw. Terminverschiebung am Tag des Coachings- oder der\nBeratung sowie bei Nichterscheinen wird das volle Honorar als Ausfallhonorar\nf\u00e4llig. Die Stornierung einer gebuchten Veranstaltung ist bis vier Wochen vor\nBeginn gegen eine Bearbeitungsgeb\u00fchr von 200 Euro zzgl. MwSt. m\u00f6glich. Bei\neiner sp\u00e4teren Stornierung und bei Nichterscheinen ist die volle Geb\u00fchr f\u00fcr die\nVeranstaltung f\u00e4llig.\n<\/p>\n\n\n\n<p><strong>5. Absage eines Coachings- oder Beratungstermins bzw. einer\nVeranstaltung durch den Coach\/Berater\n<\/strong><\/p>\n\n\n\n<p>F\u00fcr den Fall, dass der Coach\/Berater einen Coachings- oder Beratungstermins\naus dringlichen Gr\u00fcnden absagen oder verschieben muss, wird der Kunde\nschnellstm\u00f6glich verst\u00e4ndigt, um einen Ersatztermin anzubieten. Weitere\nAnspr\u00fcche, insbesondere Schadensersatzanspr\u00fcche, bestehen nicht.\n<\/p>\n\n\n\n<p>F\u00fcr den Fall, dass die erforderliche Teilnehmerzahl einer Veranstaltung nicht\nerreicht wird oder eine Veranstaltung aus anderen Gr\u00fcnden abgesagt werden\nmuss, wird der Kunde fr\u00fchest m\u00f6glich informiert und erh\u00e4lt die bereits gezahlte\nTeilnehmergeb\u00fchr zur\u00fcck. Weitere Anspr\u00fcche dar\u00fcber hinaus bestehen nicht.\n<\/p>\n\n\n\n<p><strong>6. Urheberrecht\n<\/strong><\/p>\n\n\n\n<p>Angebote, Ausschreibungen, Coaching- und Beratungskonzepte, pers\u00f6nlich\nerstellte CDs, MP3-Dateien, E-Books, Online-Kurs Unterlagen sowie sonstige\nUnterlagen sind nach dem Urheberrecht gesch\u00fctzt. Alle dem Kunden\nausgeh\u00e4ndigten oder ihm zug\u00e4nglich gemachten Unterlagen, Videos, Audios,\nPDFs, E-Books etc. sind ausschlie\u00dflich f\u00fcr den pers\u00f6nlichen Gebrauch\nbestimmt. Dem Kunden ist es nicht gestattet, die Unterlagen oder Teile daraus\nzu vervielf\u00e4ltigen und\/oder Dritten zug\u00e4nglich zu machen. Eine Ver\u00f6ffentlichung\n\u2013 auch auszugsweise \u2013 ist untersagt und kann strafrechtlich verfolgt werden.\n<\/p>\n\n\n\n<p><strong>7. Haftung\n<\/strong><\/p>\n\n\n\n<p>Der Coach\/Berater verpflichtet sich, alle vereinbarten Dienstleistungen nach\nbestem Wissen und Gewissen sorgf\u00e4ltig durchzuf\u00fchren. Eine Gew\u00e4hrleistung f\u00fcr\nErfolg bei der Erbringung der Dienstleistung im Coaching\/\nBeratungsdienstleistung bzw. bei Veranstaltungen gibt es nicht. Eine Haftung\nwird ausgeschlossen, au\u00dfer das Gesetz bestimmt eine Verantwortlichkeit.\n<\/p>\n\n\n\n<p>Der Kunde best\u00e4tigt mit der Terminvereinbarung bzw. Anmeldung zu\nVeranstaltungen oder Online-Kursen, selbstverantwortlich zu handeln und den\nAnbieter von s\u00e4mtlichen Haftungsanspr\u00fcchen freizustellen. Der Kunde erkennt\nan, f\u00fcr seine k\u00f6rperliche und psychische Gesundheit in vollem Ma\u00dfe\nselbstverantwortlich zu sein und f\u00fcr eventuelle verursachte Sch\u00e4den selbst\naufzukommen.\n<\/p>\n\n\n\n<p><strong>8. Vertraulichkeit\n<\/strong><\/p>\n\n\n\n<p>Der Coach\/Berater verpflichtet sich, \u00fcber alle im Rahmen der T\u00e4tigkeit bekannt\ngewordenen beruflichen, betrieblichen und privaten Angelegenheiten des\nKunden auch nach der Beendigung des Vertrages Stillschweigen zu bewahren.\n<\/p>\n\n\n\n<p>Stand September 2018\n<\/p>\n","protected":false},"excerpt":{"rendered":"<p>Allgemeine Gesch\u00e4ftsbedingungen 1. Allgemeines, Geltungsbereich Diese Nutzungsbedingungen gelten f\u00fcr alle Websitebesucher, Klienten, Kunden und alle anderen Nutzer der Website. Durch die Nutzung der Website oder der Dienstleistung erkl\u00e4ren Sie sich mit diesen Nutzungsbedingungen ohne \u00c4nderung einverstanden und best\u00e4tigen, dass Sie diese gelesen haben. Next Level Coach \u2013 Marius Bill, LL.M., CPC, ELI-MP (im folgenden Coach [&hellip;]<\/p>\n","protected":false},"author":1,"featured_media":0,"parent":0,"menu_order":0,"comment_status":"closed","ping_status":"closed","template":"","meta":{"footnotes":""},"class_list":["post-569","page","type-page","status-publish","hentry"],"translation":{"provider":"WPGlobus","version":"3.0.2","language":"de","enabled_languages":["en","de"],"languages":{"en":{"title":true,"content":true,"excerpt":false},"de":{"title":true,"content":true,"excerpt":false}}},"aioseo_notices":[],"_links":{"self":[{"href":"https:\/\/mariusbill.com\/de\/wp-json\/wp\/v2\/pages\/569","targetHints":{"allow":["GET"]}}],"collection":[{"href":"https:\/\/mariusbill.com\/de\/wp-json\/wp\/v2\/pages"}],"about":[{"href":"https:\/\/mariusbill.com\/de\/wp-json\/wp\/v2\/types\/page"}],"author":[{"embeddable":true,"href":"https:\/\/mariusbill.com\/de\/wp-json\/wp\/v2\/users\/1"}],"replies":[{"embeddable":true,"href":"https:\/\/mariusbill.com\/de\/wp-json\/wp\/v2\/comments?post=569"}],"version-history":[{"count":0,"href":"https:\/\/mariusbill.com\/de\/wp-json\/wp\/v2\/pages\/569\/revisions"}],"wp:attachment":[{"href":"https:\/\/mariusbill.com\/de\/wp-json\/wp\/v2\/media?parent=569"}],"curies":[{"name":"wp","href":"https:\/\/api.w.org\/{rel}","templated":true}]}}